{"id":104621,"date":"2025-03-10T13:06:50","date_gmt":"2025-03-10T13:06:50","guid":{"rendered":"https:\/\/www.herold.at\/marketing\/?page_id=104621"},"modified":"2025-04-29T07:58:42","modified_gmt":"2025-04-29T07:58:42","slug":"domain-pruefen","status":"publish","type":"page","link":"https:\/\/www.herold.at\/marketing\/shop\/domain-pruefen\/","title":{"rendered":"Domain pr\u00fcfen"},"content":{"rendered":"\n<div class=\"container-xl\">\n  <div class=\"container container-l\">\n    <app-stepper \/>\n  <\/div>\n<\/div>\n\n<div class=\"shop-container\">\n  <div>\n    <div class=\"shop-section\">\n      <app-domain-checker \/>\n    <\/div>\n  <\/div>\n  <div>\n    <div class=\"shop-section shop-summary\">\n      <div>\n        <app-basket-summary editable=\"\" \/>\n      <\/div>\n      <div class=\"shop-trustbox\">\n        <div class=\"trusts\">\n                                                                                                                        <span>\n                                  <img decoding=\"async\" \n                                      src=\"https:\/\/www.herold.at\/marketing\/wp-content\/uploads\/2025\/03\/safe.png\" \n                                      alt=\"\" \n                                  \/>\n                                                                Sichere SSL-Verbindung                               <\/span>\n                                                                                                              <span>\n                                  <img decoding=\"async\" \n                                      src=\"https:\/\/www.herold.at\/marketing\/wp-content\/uploads\/2025\/03\/check.png\" \n                                      alt=\"\" \n                                  \/>\n                                                                \u00dcber 35 Domain Endungen                              <\/span>\n                                                                                                              <span>\n                                  <img decoding=\"async\" \n                                      src=\"https:\/\/www.herold.at\/marketing\/wp-content\/uploads\/2025\/03\/check.png\" \n                                      alt=\"\" \n                                  \/>\n                                                                Gr\u00f6\u00dfte Digital Agentur \u00d6sterreichs                              <\/span>\n                                        <\/div>\n          <div class=\"card-container\">\n                                                            <div class=\"card\">\n                    <img\n                      decoding=\"async\"\n                      src=\"https:\/\/www.herold.at\/marketing\/wp-content\/uploads\/2025\/03\/Mastercard.png\"\n                      alt=\"\"\n                    >\n                  <\/div>\n                                                                <div class=\"card\">\n                    <img\n                      decoding=\"async\"\n                      src=\"https:\/\/www.herold.at\/marketing\/wp-content\/uploads\/2025\/03\/Visa-1.png\"\n                      alt=\"\"\n                    >\n                  <\/div>\n                                                    <\/div>\n      <\/div>\n    <\/div>\n  <\/div>\n\n  <div class=\"container-xl\">\n    <div class=\"container container-l\">\n      <p class=\"shop-disclaimer\">\n        <p>Mindestvertragslaufzeit 12 Monate (.ai-Domains 24 Monate). K\u00fcndigungsfrist min. 2 Monate vor Vertragsverl\u00e4ngerung. J\u00e4hrliche Abrechnung im Voraus.<\/p> <p>F\u00fcr Verbraucher: Eine sofortige Leistungserf\u00fcllung bedeutet, dass unmittelbar Kosten und Aufwendungen anfallen, die im Falle einer Aus\u00fcbung des 14-t\u00e4gigen R\u00fccktritts nicht erstattungsf\u00e4hig sind.<\/p> <p>N\u00e4here Informationen unter https:\/\/www.herold.at\/herold-widerruf\/ Einwilligung zu Marketingzwecken sind jederzeit widerruflich. N\u00e4here Information zum Umgang mit personenbezogenen Daten unter <a href=\"https:\/\/www.herold.at\/datenschutzerklaerung\/\" rel=\u201cnofollow\u201c target=\"_blank\">https:\/\/www.herold.at\/datenschutzerklaerung\/<\/a><\/p>      <\/p>\n    <\/div>\n  <\/div>\n<\/div>\n","protected":false},"excerpt":{"rendered":"","protected":false},"author":5,"featured_media":0,"parent":104606,"menu_order":0,"comment_status":"closed","ping_status":"closed","template":"","meta":{"_acf_changed":false,"inline_featured_image":false,"footnotes":""},"acf":[],"yoast_head":"<!-- This site is optimized with the Yoast SEO plugin v22.4 - https:\/\/yoast.com\/wordpress\/plugins\/seo\/ -->\n<title>Domain pr\u00fcfen - Herold Marketing<\/title>\n<meta name=\"robots\" content=\"noindex, nofollow\" \/>\n<meta property=\"og:locale\" content=\"de_DE\" \/>\n<meta property=\"og:type\" content=\"article\" \/>\n<meta property=\"og:title\" content=\"Domain pr\u00fcfen - Herold Marketing\" \/>\n<meta property=\"og:url\" content=\"https:\/\/www.herold.at\/marketing\/shop\/domain-pruefen\/\" \/>\n<meta property=\"og:site_name\" content=\"Herold Marketing\" \/>\n<meta property=\"article:modified_time\" content=\"2025-04-29T07:58:42+00:00\" \/>\n<meta name=\"twitter:card\" content=\"summary_large_image\" \/>\n<script type=\"application\/ld+json\" class=\"yoast-schema-graph\">{\"@context\":\"https:\/\/schema.org\",\"@graph\":[{\"@type\":\"WebPage\",\"@id\":\"https:\/\/www.herold.at\/marketing\/shop\/domain-pruefen\/\",\"url\":\"https:\/\/www.herold.at\/marketing\/shop\/domain-pruefen\/\",\"name\":\"Domain pr\u00fcfen - Herold Marketing\",\"isPartOf\":{\"@id\":\"https:\/\/www.herold.at\/marketing\/#website\"},\"datePublished\":\"2025-03-10T13:06:50+00:00\",\"dateModified\":\"2025-04-29T07:58:42+00:00\",\"breadcrumb\":{\"@id\":\"https:\/\/www.herold.at\/marketing\/shop\/domain-pruefen\/#breadcrumb\"},\"inLanguage\":\"de-DE\",\"potentialAction\":[{\"@type\":\"ReadAction\",\"target\":[\"https:\/\/www.herold.at\/marketing\/shop\/domain-pruefen\/\"]}]},{\"@type\":\"BreadcrumbList\",\"@id\":\"https:\/\/www.herold.at\/marketing\/shop\/domain-pruefen\/#breadcrumb\",\"itemListElement\":[{\"@type\":\"ListItem\",\"position\":1,\"name\":\"Shop\",\"item\":\"https:\/\/www.herold.at\/marketing\/shop\/\"},{\"@type\":\"ListItem\",\"position\":2,\"name\":\"Domain pr\u00fcfen\"}]},{\"@type\":\"WebSite\",\"@id\":\"https:\/\/www.herold.at\/marketing\/#website\",\"url\":\"https:\/\/www.herold.at\/marketing\/\",\"name\":\"Herold Marketing\",\"description\":\"\",\"publisher\":{\"@id\":\"https:\/\/www.herold.at\/marketing\/#organization\"},\"potentialAction\":[{\"@type\":\"SearchAction\",\"target\":{\"@type\":\"EntryPoint\",\"urlTemplate\":\"https:\/\/www.herold.at\/marketing\/?s={search_term_string}\"},\"query-input\":\"required name=search_term_string\"}],\"inLanguage\":\"de-DE\"},{\"@type\":\"Organization\",\"@id\":\"https:\/\/www.herold.at\/marketing\/#organization\",\"name\":\"Herold Marketing\",\"url\":\"https:\/\/www.herold.at\/marketing\/\",\"logo\":{\"@type\":\"ImageObject\",\"inLanguage\":\"de-DE\",\"@id\":\"https:\/\/www.herold.at\/marketing\/#\/schema\/logo\/image\/\",\"url\":\"https:\/\/www.herold.at\/marketing\/wp-content\/uploads\/2024\/03\/logo-herold-noclaim.svg\",\"contentUrl\":\"https:\/\/www.herold.at\/marketing\/wp-content\/uploads\/2024\/03\/logo-herold-noclaim.svg\",\"caption\":\"Herold Marketing\"},\"image\":{\"@id\":\"https:\/\/www.herold.at\/marketing\/#\/schema\/logo\/image\/\"}}]}<\/script>\n<!-- \/ Yoast SEO plugin. -->","yoast_head_json":{"title":"Domain pr\u00fcfen - Herold Marketing","robots":{"index":"noindex","follow":"nofollow"},"og_locale":"de_DE","og_type":"article","og_title":"Domain pr\u00fcfen - Herold Marketing","og_url":"https:\/\/www.herold.at\/marketing\/shop\/domain-pruefen\/","og_site_name":"Herold Marketing","article_modified_time":"2025-04-29T07:58:42+00:00","twitter_card":"summary_large_image","schema":{"@context":"https:\/\/schema.org","@graph":[{"@type":"WebPage","@id":"https:\/\/www.herold.at\/marketing\/shop\/domain-pruefen\/","url":"https:\/\/www.herold.at\/marketing\/shop\/domain-pruefen\/","name":"Domain pr\u00fcfen - Herold Marketing","isPartOf":{"@id":"https:\/\/www.herold.at\/marketing\/#website"},"datePublished":"2025-03-10T13:06:50+00:00","dateModified":"2025-04-29T07:58:42+00:00","breadcrumb":{"@id":"https:\/\/www.herold.at\/marketing\/shop\/domain-pruefen\/#breadcrumb"},"inLanguage":"de-DE","potentialAction":[{"@type":"ReadAction","target":["https:\/\/www.herold.at\/marketing\/shop\/domain-pruefen\/"]}]},{"@type":"BreadcrumbList","@id":"https:\/\/www.herold.at\/marketing\/shop\/domain-pruefen\/#breadcrumb","itemListElement":[{"@type":"ListItem","position":1,"name":"Shop","item":"https:\/\/www.herold.at\/marketing\/shop\/"},{"@type":"ListItem","position":2,"name":"Domain pr\u00fcfen"}]},{"@type":"WebSite","@id":"https:\/\/www.herold.at\/marketing\/#website","url":"https:\/\/www.herold.at\/marketing\/","name":"Herold Marketing","description":"","publisher":{"@id":"https:\/\/www.herold.at\/marketing\/#organization"},"potentialAction":[{"@type":"SearchAction","target":{"@type":"EntryPoint","urlTemplate":"https:\/\/www.herold.at\/marketing\/?s={search_term_string}"},"query-input":"required name=search_term_string"}],"inLanguage":"de-DE"},{"@type":"Organization","@id":"https:\/\/www.herold.at\/marketing\/#organization","name":"Herold Marketing","url":"https:\/\/www.herold.at\/marketing\/","logo":{"@type":"ImageObject","inLanguage":"de-DE","@id":"https:\/\/www.herold.at\/marketing\/#\/schema\/logo\/image\/","url":"https:\/\/www.herold.at\/marketing\/wp-content\/uploads\/2024\/03\/logo-herold-noclaim.svg","contentUrl":"https:\/\/www.herold.at\/marketing\/wp-content\/uploads\/2024\/03\/logo-herold-noclaim.svg","caption":"Herold Marketing"},"image":{"@id":"https:\/\/www.herold.at\/marketing\/#\/schema\/logo\/image\/"}}]}},"_links":{"self":[{"href":"https:\/\/www.herold.at\/marketing\/wp-json\/wp\/v2\/pages\/104621"}],"collection":[{"href":"https:\/\/www.herold.at\/marketing\/wp-json\/wp\/v2\/pages"}],"about":[{"href":"https:\/\/www.herold.at\/marketing\/wp-json\/wp\/v2\/types\/page"}],"author":[{"embeddable":true,"href":"https:\/\/www.herold.at\/marketing\/wp-json\/wp\/v2\/users\/5"}],"replies":[{"embeddable":true,"href":"https:\/\/www.herold.at\/marketing\/wp-json\/wp\/v2\/comments?post=104621"}],"version-history":[{"count":3,"href":"https:\/\/www.herold.at\/marketing\/wp-json\/wp\/v2\/pages\/104621\/revisions"}],"predecessor-version":[{"id":106340,"href":"https:\/\/www.herold.at\/marketing\/wp-json\/wp\/v2\/pages\/104621\/revisions\/106340"}],"up":[{"embeddable":true,"href":"https:\/\/www.herold.at\/marketing\/wp-json\/wp\/v2\/pages\/104606"}],"wp:attachment":[{"href":"https:\/\/www.herold.at\/marketing\/wp-json\/wp\/v2\/media?parent=104621"}],"curies":[{"name":"wp","href":"https:\/\/api.w.org\/{rel}","templated":true}]}}